{"id":83,"date":"2017-04-24T18:54:29","date_gmt":"2017-04-24T18:54:29","guid":{"rendered":"http:\/\/192.168.2.249\/t\/katja2\/?page_id=83"},"modified":"2018-02-11T18:06:23","modified_gmt":"2018-02-11T18:06:23","slug":"contacto","status":"publish","type":"page","link":"https:\/\/punihuil.cl\/web\/index.php\/contacto\/","title":{"rendered":"Contacto"},"content":{"rendered":"<p>[et_pb_section admin_label=\u00bbsection\u00bb][et_pb_row admin_label=\u00bbrow\u00bb make_fullwidth=\u00bboff\u00bb use_custom_width=\u00bboff\u00bb width_unit=\u00bbon\u00bb use_custom_gutter=\u00bboff\u00bb padding_mobile=\u00bboff\u00bb allow_player_pause=\u00bboff\u00bb parallax=\u00bboff\u00bb parallax_method=\u00bboff\u00bb make_equal=\u00bboff\u00bb parallax_1=\u00bboff\u00bb parallax_method_1=\u00bboff\u00bb column_padding_mobile=\u00bbon\u00bb][et_pb_column type=\u00bb4_4&#8243;][et_pb_text admin_label=\u00bbTexto\u00bb]<\/p>\n<div role=\"form\" class=\"wpcf7\" id=\"wpcf7-f64-o1\" lang=\"es-ES\" dir=\"ltr\">\n<div class=\"screen-reader-response\"><p role=\"status\" aria-live=\"polite\" aria-atomic=\"true\"><\/p> <ul><\/ul><\/div>\n<form action=\"\/web\/index.php\/wp-json\/wp\/v2\/pages\/83#wpcf7-f64-o1\" method=\"post\" class=\"wpcf7-form init\" novalidate=\"novalidate\" data-status=\"init\">\n<div style=\"display: none;\">\n<input type=\"hidden\" name=\"_wpcf7\" value=\"64\" \/>\n<input type=\"hidden\" name=\"_wpcf7_version\" value=\"5.5.3\" \/>\n<input type=\"hidden\" name=\"_wpcf7_locale\" value=\"es_ES\" \/>\n<input type=\"hidden\" name=\"_wpcf7_unit_tag\" value=\"wpcf7-f64-o1\" \/>\n<input type=\"hidden\" name=\"_wpcf7_container_post\" value=\"0\" \/>\n<input type=\"hidden\" name=\"_wpcf7_posted_data_hash\" value=\"\" \/>\n<\/div>\n<p><label> Nombre (requerido)<br \/>\n    <span class=\"wpcf7-form-control-wrap your-name\"><input type=\"text\" name=\"your-name\" value=\"\" size=\"40\" class=\"wpcf7-form-control wpcf7-text wpcf7-validates-as-required\" aria-required=\"true\" aria-invalid=\"false\" \/><\/span> <\/label><\/p>\n<p><label> Tu correo electr\u00f3nico (requerido)<br \/>\n    <span class=\"wpcf7-form-control-wrap your-email\"><input type=\"email\" name=\"your-email\" value=\"\" size=\"40\" class=\"wpcf7-form-control wpcf7-text wpcf7-email wpcf7-validates-as-required wpcf7-validates-as-email\" aria-required=\"true\" aria-invalid=\"false\" \/><\/span> <\/label><\/p>\n<p><label> Asunto<br \/>\n    <span class=\"wpcf7-form-control-wrap your-subject\"><input type=\"text\" name=\"your-subject\" value=\"\" size=\"40\" class=\"wpcf7-form-control wpcf7-text\" aria-invalid=\"false\" \/><\/span> <\/label><\/p>\n<p><label> Mensaje<br \/>\n    <span class=\"wpcf7-form-control-wrap your-message\"><textarea name=\"your-message\" cols=\"40\" rows=\"10\" class=\"wpcf7-form-control wpcf7-textarea\" aria-invalid=\"false\"><\/textarea><\/span> <\/label><\/p>\n<p><input type=\"submit\" value=\"Enviar\" class=\"wpcf7-form-control has-spinner wpcf7-submit\" \/><\/p>\n<div class=\"wpcf7-response-output\" aria-hidden=\"true\"><\/div><\/form><\/div>\n<p>[\/et_pb_text][\/et_pb_column][\/et_pb_row][\/et_pb_section][et_pb_section admin_label=\u00bbSecci\u00f3n\u00bb fullwidth=\u00bboff\u00bb specialty=\u00bboff\u00bb][et_pb_row admin_label=\u00bbFila\u00bb][et_pb_column type=\u00bb1_2&#8243;][et_pb_text admin_label=\u00bbTexto\u00bb background_layout=\u00bblight\u00bb text_orientation=\u00bbleft\u00bb use_border_color=\u00bboff\u00bb border_color=\u00bb#ffffff\u00bb border_style=\u00bbsolid\u00bb]<\/p>\n<div>\n<div style=\"float:left;\">\n<a href=\"http:\/\/punihuil.cl\"><img src=\"http:\/\/punihuil.cl\/web\/wp-content\/uploads\/2017\/04\/katjaLogo.png\" width=\"160\" style=\"margin: 0px 20px\"><\/a>\n<\/div>\n<div style=\"float:left;\">\nTurismo y Gastronom\u00eca Bah\u00eca Pu\u00f1ihuil<br \/>\npunihuil@gmail.com<br \/>\ntel: +56-9- 6556780<br \/>\nPu\u00f1ihuil rural s\/n\n<\/div>\n<\/div>\n<p>[\/et_pb_text][\/et_pb_column][et_pb_column type=\u00bb1_2&#8243;][et_pb_text admin_label=\u00bbTexto\u00bb background_layout=\u00bblight\u00bb text_orientation=\u00bbleft\u00bb use_border_color=\u00bboff\u00bb border_color=\u00bb#ffffff\u00bb border_style=\u00bbsolid\u00bb]<\/p>\n<div>\n<div style=\"float:right;\">\n<a href=\"https:\/\/www.tripadvisor.cl\/Restaurant_Review-g317803-d2459270-Reviews-Restaurant_Bahia_Punihuil-Ancud_Isla_Chiloe_Los_Lagos_Region.html\" target=\"_blank\"><img src=\"http:\/\/punihuil.cl\/web\/wp-content\/uploads\/2017\/05\/tripadvisor.png\" style=\"margin: 0px 20px\" width=\"75\"><\/a>\n<\/div>\n<div style=\"float:right;\">\n<a href=\"https:\/\/www.facebook.com\/bahiapunihuil\/\" target=\"_blank\"><img src=\"http:\/\/punihuil.cl\/web\/wp-content\/uploads\/2017\/04\/f_logo.png\" width=\"44\"><\/a>\n<\/div>\n<\/div>\n<p>[\/et_pb_text][\/et_pb_column][\/et_pb_row][\/et_pb_section]<\/p>\n","protected":false},"excerpt":{"rendered":"<p>[et_pb_section admin_label=\u00bbsection\u00bb][et_pb_row admin_label=\u00bbrow\u00bb make_fullwidth=\u00bboff\u00bb use_custom_width=\u00bboff\u00bb width_unit=\u00bbon\u00bb use_custom_gutter=\u00bboff\u00bb padding_mobile=\u00bboff\u00bb allow_player_pause=\u00bboff\u00bb parallax=\u00bboff\u00bb parallax_method=\u00bboff\u00bb make_equal=\u00bboff\u00bb parallax_1=\u00bboff\u00bb parallax_method_1=\u00bboff\u00bb column_padding_mobile=\u00bbon\u00bb][et_pb_column type=\u00bb4_4&#8243;][et_pb_text admin_label=\u00bbTexto\u00bb] [\/et_pb_text][\/et_pb_column][\/et_pb_row][\/et_pb_section][et_pb_section admin_label=\u00bbSecci\u00f3n\u00bb fullwidth=\u00bboff\u00bb specialty=\u00bboff\u00bb][et_pb_row admin_label=\u00bbFila\u00bb][et_pb_column type=\u00bb1_2&#8243;][et_pb_text admin_label=\u00bbTexto\u00bb background_layout=\u00bblight\u00bb text_orientation=\u00bbleft\u00bb use_border_color=\u00bboff\u00bb border_color=\u00bb#ffffff\u00bb border_style=\u00bbsolid\u00bb] Turismo y Gastronom\u00eca Bah\u00eca Pu\u00f1ihuil punihuil@gmail.com tel: +56-9- 6556780 Pu\u00f1ihuil rural s\/n [\/et_pb_text][\/et_pb_column][et_pb_column type=\u00bb1_2&#8243;][et_pb_text admin_label=\u00bbTexto\u00bb background_layout=\u00bblight\u00bb text_orientation=\u00bbleft\u00bb use_border_color=\u00bboff\u00bb border_color=\u00bb#ffffff\u00bb border_style=\u00bbsolid\u00bb] [\/et_pb_text][\/et_pb_column][\/et_pb_row][\/et_pb_section]<\/p>\n","protected":false},"author":1,"featured_media":0,"parent":0,"menu_order":0,"comment_status":"closed","ping_status":"closed","template":"","meta":{"_et_pb_use_builder":"on","_et_pb_old_content":"[contact-form-7 id=\"64\" title=\"Formulario de contacto 1\"]","_et_gb_content_width":""},"yoast_head":"<!-- This site is optimized with the Yoast SEO plugin v17.7.1 - https:\/\/yoast.com\/wordpress\/plugins\/seo\/ -->\n<title>Contacto - Restaurant Bah\u00eda Pu\u00f1ihuil<\/title>\n<meta name=\"robots\" content=\"index, follow, max-snippet:-1, max-image-preview:large, max-video-preview:-1\" \/>\n<link rel=\"canonical\" href=\"https:\/\/punihuil.cl\/web\/index.php\/contacto\/\" \/>\n<meta property=\"og:locale\" content=\"es_ES\" \/>\n<meta property=\"og:type\" content=\"article\" \/>\n<meta property=\"og:title\" content=\"Contacto - Restaurant Bah\u00eda Pu\u00f1ihuil\" \/>\n<meta property=\"og:description\" content=\"[et_pb_section admin_label=\u00bbsection\u00bb][et_pb_row admin_label=\u00bbrow\u00bb make_fullwidth=\u00bboff\u00bb use_custom_width=\u00bboff\u00bb width_unit=\u00bbon\u00bb use_custom_gutter=\u00bboff\u00bb padding_mobile=\u00bboff\u00bb allow_player_pause=\u00bboff\u00bb parallax=\u00bboff\u00bb parallax_method=\u00bboff\u00bb make_equal=\u00bboff\u00bb parallax_1=\u00bboff\u00bb parallax_method_1=\u00bboff\u00bb column_padding_mobile=\u00bbon\u00bb][et_pb_column type=\u00bb4_4&#8243;][et_pb_text admin_label=\u00bbTexto\u00bb] [\/et_pb_text][\/et_pb_column][\/et_pb_row][\/et_pb_section][et_pb_section admin_label=\u00bbSecci\u00f3n\u00bb fullwidth=\u00bboff\u00bb specialty=\u00bboff\u00bb][et_pb_row admin_label=\u00bbFila\u00bb][et_pb_column type=\u00bb1_2&#8243;][et_pb_text admin_label=\u00bbTexto\u00bb background_layout=\u00bblight\u00bb text_orientation=\u00bbleft\u00bb use_border_color=\u00bboff\u00bb border_color=\u00bb#ffffff\u00bb border_style=\u00bbsolid\u00bb] Turismo y Gastronom\u00eca Bah\u00eca Pu\u00f1ihuil punihuil@gmail.com tel: +56-9- 6556780 Pu\u00f1ihuil rural s\/n [\/et_pb_text][\/et_pb_column][et_pb_column type=\u00bb1_2&#8243;][et_pb_text admin_label=\u00bbTexto\u00bb background_layout=\u00bblight\u00bb text_orientation=\u00bbleft\u00bb use_border_color=\u00bboff\u00bb border_color=\u00bb#ffffff\u00bb border_style=\u00bbsolid\u00bb] [\/et_pb_text][\/et_pb_column][\/et_pb_row][\/et_pb_section]\" \/>\n<meta property=\"og:url\" content=\"https:\/\/punihuil.cl\/web\/index.php\/contacto\/\" \/>\n<meta property=\"og:site_name\" content=\"Restaurant Bah\u00eda Pu\u00f1ihuil\" \/>\n<meta property=\"article:publisher\" content=\"https:\/\/www.facebook.com\/bahiapunihuil\/\" \/>\n<meta property=\"article:modified_time\" content=\"2018-02-11T18:06:23+00:00\" \/>\n<meta property=\"og:image\" content=\"http:\/\/punihuil.cl\/web\/wp-content\/uploads\/2017\/04\/katjaLogo.png\" \/>\n<meta name=\"twitter:card\" content=\"summary_large_image\" \/>\n<meta name=\"twitter:label1\" content=\"Tiempo de lectura\" \/>\n\t<meta name=\"twitter:data1\" content=\"1 minuto\" \/>\n<script type=\"application\/ld+json\" class=\"yoast-schema-graph\">{\"@context\":\"https:\/\/schema.org\",\"@graph\":[{\"@type\":\"WebSite\",\"@id\":\"https:\/\/punihuil.cl\/web\/#website\",\"url\":\"https:\/\/punihuil.cl\/web\/\",\"name\":\"Restaurant Bah\\u00eda Pu\\u00f1ihuil\",\"description\":\"\",\"potentialAction\":[{\"@type\":\"SearchAction\",\"target\":{\"@type\":\"EntryPoint\",\"urlTemplate\":\"https:\/\/punihuil.cl\/web\/?s={search_term_string}\"},\"query-input\":\"required name=search_term_string\"}],\"inLanguage\":\"es\"},{\"@type\":\"ImageObject\",\"@id\":\"https:\/\/punihuil.cl\/web\/index.php\/contacto\/#primaryimage\",\"inLanguage\":\"es\",\"url\":\"http:\/\/punihuil.cl\/web\/wp-content\/uploads\/2017\/04\/katjaLogo.png\",\"contentUrl\":\"http:\/\/punihuil.cl\/web\/wp-content\/uploads\/2017\/04\/katjaLogo.png\"},{\"@type\":\"WebPage\",\"@id\":\"https:\/\/punihuil.cl\/web\/index.php\/contacto\/#webpage\",\"url\":\"https:\/\/punihuil.cl\/web\/index.php\/contacto\/\",\"name\":\"Contacto - Restaurant Bah\\u00eda Pu\\u00f1ihuil\",\"isPartOf\":{\"@id\":\"https:\/\/punihuil.cl\/web\/#website\"},\"primaryImageOfPage\":{\"@id\":\"https:\/\/punihuil.cl\/web\/index.php\/contacto\/#primaryimage\"},\"datePublished\":\"2017-04-24T18:54:29+00:00\",\"dateModified\":\"2018-02-11T18:06:23+00:00\",\"breadcrumb\":{\"@id\":\"https:\/\/punihuil.cl\/web\/index.php\/contacto\/#breadcrumb\"},\"inLanguage\":\"es\",\"potentialAction\":[{\"@type\":\"ReadAction\",\"target\":[\"https:\/\/punihuil.cl\/web\/index.php\/contacto\/\"]}]},{\"@type\":\"BreadcrumbList\",\"@id\":\"https:\/\/punihuil.cl\/web\/index.php\/contacto\/#breadcrumb\",\"itemListElement\":[{\"@type\":\"ListItem\",\"position\":1,\"name\":\"Portada\",\"item\":\"https:\/\/punihuil.cl\/web\/\"},{\"@type\":\"ListItem\",\"position\":2,\"name\":\"Contacto\"}]}]}<\/script>\n<!-- \/ Yoast SEO plugin. -->","yoast_head_json":{"title":"Contacto - Restaurant Bah\u00eda Pu\u00f1ihuil","robots":{"index":"index","follow":"follow","max-snippet":"max-snippet:-1","max-image-preview":"max-image-preview:large","max-video-preview":"max-video-preview:-1"},"canonical":"https:\/\/punihuil.cl\/web\/index.php\/contacto\/","og_locale":"es_ES","og_type":"article","og_title":"Contacto - Restaurant Bah\u00eda Pu\u00f1ihuil","og_description":"[et_pb_section admin_label=\u00bbsection\u00bb][et_pb_row admin_label=\u00bbrow\u00bb make_fullwidth=\u00bboff\u00bb use_custom_width=\u00bboff\u00bb width_unit=\u00bbon\u00bb use_custom_gutter=\u00bboff\u00bb padding_mobile=\u00bboff\u00bb allow_player_pause=\u00bboff\u00bb parallax=\u00bboff\u00bb parallax_method=\u00bboff\u00bb make_equal=\u00bboff\u00bb parallax_1=\u00bboff\u00bb parallax_method_1=\u00bboff\u00bb column_padding_mobile=\u00bbon\u00bb][et_pb_column type=\u00bb4_4&#8243;][et_pb_text admin_label=\u00bbTexto\u00bb] [\/et_pb_text][\/et_pb_column][\/et_pb_row][\/et_pb_section][et_pb_section admin_label=\u00bbSecci\u00f3n\u00bb fullwidth=\u00bboff\u00bb specialty=\u00bboff\u00bb][et_pb_row admin_label=\u00bbFila\u00bb][et_pb_column type=\u00bb1_2&#8243;][et_pb_text admin_label=\u00bbTexto\u00bb background_layout=\u00bblight\u00bb text_orientation=\u00bbleft\u00bb use_border_color=\u00bboff\u00bb border_color=\u00bb#ffffff\u00bb border_style=\u00bbsolid\u00bb] Turismo y Gastronom\u00eca Bah\u00eca Pu\u00f1ihuil punihuil@gmail.com tel: +56-9- 6556780 Pu\u00f1ihuil rural s\/n [\/et_pb_text][\/et_pb_column][et_pb_column type=\u00bb1_2&#8243;][et_pb_text admin_label=\u00bbTexto\u00bb background_layout=\u00bblight\u00bb text_orientation=\u00bbleft\u00bb use_border_color=\u00bboff\u00bb border_color=\u00bb#ffffff\u00bb border_style=\u00bbsolid\u00bb] [\/et_pb_text][\/et_pb_column][\/et_pb_row][\/et_pb_section]","og_url":"https:\/\/punihuil.cl\/web\/index.php\/contacto\/","og_site_name":"Restaurant Bah\u00eda Pu\u00f1ihuil","article_publisher":"https:\/\/www.facebook.com\/bahiapunihuil\/","article_modified_time":"2018-02-11T18:06:23+00:00","og_image":[{"url":"http:\/\/punihuil.cl\/web\/wp-content\/uploads\/2017\/04\/katjaLogo.png"}],"twitter_card":"summary_large_image","twitter_misc":{"Tiempo de lectura":"1 minuto"},"schema":{"@context":"https:\/\/schema.org","@graph":[{"@type":"WebSite","@id":"https:\/\/punihuil.cl\/web\/#website","url":"https:\/\/punihuil.cl\/web\/","name":"Restaurant Bah\u00eda Pu\u00f1ihuil","description":"","potentialAction":[{"@type":"SearchAction","target":{"@type":"EntryPoint","urlTemplate":"https:\/\/punihuil.cl\/web\/?s={search_term_string}"},"query-input":"required name=search_term_string"}],"inLanguage":"es"},{"@type":"ImageObject","@id":"https:\/\/punihuil.cl\/web\/index.php\/contacto\/#primaryimage","inLanguage":"es","url":"http:\/\/punihuil.cl\/web\/wp-content\/uploads\/2017\/04\/katjaLogo.png","contentUrl":"http:\/\/punihuil.cl\/web\/wp-content\/uploads\/2017\/04\/katjaLogo.png"},{"@type":"WebPage","@id":"https:\/\/punihuil.cl\/web\/index.php\/contacto\/#webpage","url":"https:\/\/punihuil.cl\/web\/index.php\/contacto\/","name":"Contacto - Restaurant Bah\u00eda Pu\u00f1ihuil","isPartOf":{"@id":"https:\/\/punihuil.cl\/web\/#website"},"primaryImageOfPage":{"@id":"https:\/\/punihuil.cl\/web\/index.php\/contacto\/#primaryimage"},"datePublished":"2017-04-24T18:54:29+00:00","dateModified":"2018-02-11T18:06:23+00:00","breadcrumb":{"@id":"https:\/\/punihuil.cl\/web\/index.php\/contacto\/#breadcrumb"},"inLanguage":"es","potentialAction":[{"@type":"ReadAction","target":["https:\/\/punihuil.cl\/web\/index.php\/contacto\/"]}]},{"@type":"BreadcrumbList","@id":"https:\/\/punihuil.cl\/web\/index.php\/contacto\/#breadcrumb","itemListElement":[{"@type":"ListItem","position":1,"name":"Portada","item":"https:\/\/punihuil.cl\/web\/"},{"@type":"ListItem","position":2,"name":"Contacto"}]}]}},"_links":{"self":[{"href":"https:\/\/punihuil.cl\/web\/index.php\/wp-json\/wp\/v2\/pages\/83"}],"collection":[{"href":"https:\/\/punihuil.cl\/web\/index.php\/wp-json\/wp\/v2\/pages"}],"about":[{"href":"https:\/\/punihuil.cl\/web\/index.php\/wp-json\/wp\/v2\/types\/page"}],"author":[{"embeddable":true,"href":"https:\/\/punihuil.cl\/web\/index.php\/wp-json\/wp\/v2\/users\/1"}],"replies":[{"embeddable":true,"href":"https:\/\/punihuil.cl\/web\/index.php\/wp-json\/wp\/v2\/comments?post=83"}],"version-history":[{"count":7,"href":"https:\/\/punihuil.cl\/web\/index.php\/wp-json\/wp\/v2\/pages\/83\/revisions"}],"predecessor-version":[{"id":319,"href":"https:\/\/punihuil.cl\/web\/index.php\/wp-json\/wp\/v2\/pages\/83\/revisions\/319"}],"wp:attachment":[{"href":"https:\/\/punihuil.cl\/web\/index.php\/wp-json\/wp\/v2\/media?parent=83"}],"curies":[{"name":"wp","href":"https:\/\/api.w.org\/{rel}","templated":true}]}}