{"id":81,"date":"2017-04-24T18:50:55","date_gmt":"2017-04-24T18:50:55","guid":{"rendered":"http:\/\/192.168.2.249\/t\/katja2\/?page_id=81"},"modified":"2018-04-06T22:37:34","modified_gmt":"2018-04-06T22:37:34","slug":"restaurant","status":"publish","type":"page","link":"https:\/\/punihuil.cl\/web\/index.php\/restaurant\/","title":{"rendered":"Restaurant"},"content":{"rendered":"<p>[et_pb_section admin_label=\u00bbSecci\u00f3n\u00bb fullwidth=\u00bboff\u00bb specialty=\u00bboff\u00bb][et_pb_row admin_label=\u00bbFila\u00bb make_fullwidth=\u00bboff\u00bb use_custom_width=\u00bboff\u00bb width_unit=\u00bbon\u00bb use_custom_gutter=\u00bboff\u00bb padding_mobile=\u00bboff\u00bb allow_player_pause=\u00bboff\u00bb parallax=\u00bboff\u00bb parallax_method=\u00bboff\u00bb make_equal=\u00bboff\u00bb parallax_1=\u00bboff\u00bb parallax_method_1=\u00bboff\u00bb column_padding_mobile=\u00bbon\u00bb][et_pb_column type=\u00bb4_4&#8243;][et_pb_post_title admin_label=\u00bbT\u00edtulo de publicaci\u00f3n\u00bb title=\u00bbon\u00bb meta=\u00bboff\u00bb author=\u00bbon\u00bb date=\u00bbon\u00bb categories=\u00bbon\u00bb comments=\u00bbon\u00bb featured_image=\u00bboff\u00bb featured_placement=\u00bbbelow\u00bb parallax_effect=\u00bbon\u00bb parallax_method=\u00bbon\u00bb text_orientation=\u00bbcenter\u00bb text_color=\u00bbdark\u00bb text_background=\u00bboff\u00bb text_bg_color=\u00bbrgba(255,255,255,0.9)\u00bb module_bg_color=\u00bbrgba(255,255,255,0)\u00bb title_all_caps=\u00bboff\u00bb use_border_color=\u00bboff\u00bb border_color=\u00bb#ffffff\u00bb border_style=\u00bbsolid\u00bb]<\/p>\n<p>[\/et_pb_post_title][\/et_pb_column][\/et_pb_row][\/et_pb_section][et_pb_section admin_label=\u00bbSecci\u00f3n\u00bb fullwidth=\u00bboff\u00bb specialty=\u00bbon\u00bb transparent_background=\u00bboff\u00bb background_color=\u00bb#93c572&#8243; allow_player_pause=\u00bboff\u00bb inner_shadow=\u00bboff\u00bb parallax=\u00bboff\u00bb parallax_method=\u00bboff\u00bb padding_mobile=\u00bboff\u00bb make_fullwidth=\u00bboff\u00bb use_custom_width=\u00bboff\u00bb width_unit=\u00bbon\u00bb make_equal=\u00bboff\u00bb use_custom_gutter=\u00bboff\u00bb parallax_1=\u00bboff\u00bb parallax_method_1=\u00bboff\u00bb parallax_2=\u00bboff\u00bb parallax_method_2=\u00bboff\u00bb parallax_3=\u00bboff\u00bb parallax_method_3=\u00bboff\u00bb][et_pb_column type=\u00bb1_4&#8243;][et_pb_image admin_label=\u00bbImagen\u00bb src=\u00bbhttp:\/\/punihuil.cl\/web\/wp-content\/uploads\/2017\/04\/image-1.jpg\u00bb show_in_lightbox=\u00bbon\u00bb url_new_window=\u00bboff\u00bb use_overlay=\u00bbon\u00bb animation=\u00bboff\u00bb sticky=\u00bboff\u00bb align=\u00bbleft\u00bb force_fullwidth=\u00bboff\u00bb always_center_on_mobile=\u00bbon\u00bb use_border_color=\u00bboff\u00bb border_color=\u00bb#ffffff\u00bb border_style=\u00bbsolid\u00bb border_width=\u00bb16px\u00bb]<\/p>\n<p>[\/et_pb_image][et_pb_image admin_label=\u00bbImagen\u00bb src=\u00bbhttp:\/\/punihuil.cl\/web\/wp-content\/uploads\/2017\/04\/image-2.jpg\u00bb show_in_lightbox=\u00bbon\u00bb url_new_window=\u00bboff\u00bb use_overlay=\u00bbon\u00bb animation=\u00bboff\u00bb sticky=\u00bboff\u00bb align=\u00bbleft\u00bb force_fullwidth=\u00bboff\u00bb always_center_on_mobile=\u00bbon\u00bb use_border_color=\u00bboff\u00bb border_color=\u00bb#ffffff\u00bb border_style=\u00bbsolid\u00bb]<\/p>\n<p>[\/et_pb_image][\/et_pb_column][et_pb_column type=\u00bb1_2&#8243; specialty_columns=\u00bb2&#8243;][et_pb_row_inner admin_label=\u00bbFila\u00bb][et_pb_column_inner type=\u00bb4_4&#8243; saved_specialty_column_type=\u00bb1_2&#8243;][et_pb_text admin_label=\u00bbTexto\u00bb background_layout=\u00bbdark\u00bb text_orientation=\u00bbleft\u00bb use_border_color=\u00bboff\u00bb border_color=\u00bb#ffffff\u00bb border_style=\u00bbsolid\u00bb text_font=\u00bbMontserrat||||\u00bb text_font_size=\u00bb15&#8243;]<\/p>\n<p><strong>HORARIOS<\/strong><br \/>\n01 de septiembre &#8211; 31 de marzo:<br \/>\n<em>todos los d\u00edas, 10:00 &#8211; 18:00 (19:30 verano)<\/em><\/p>\n<p>01 de abril &#8211; 31 de agosto:<br \/>\n<em>Solo atenci\u00f3n a grupos<\/em><br \/>\n<em>Por favor llame para consultar<\/em><\/p>\n<p><strong><br \/>\nDELEGACIONES<\/strong><br \/>\nMenus especiales para grupos<br \/>\n<em>Por favor consulte<\/em><br \/>\n<strong><\/p>\n<p>CONTACTO<\/strong><br \/>\npunihuil@gmail.com<br \/>\n<em>FONO<\/em> +56-9-9655 6780<\/p>\n<p>[\/et_pb_text][\/et_pb_column_inner][\/et_pb_row_inner][\/et_pb_column][et_pb_column type=\u00bb1_4&#8243;][et_pb_image admin_label=\u00bbImagen\u00bb src=\u00bbhttp:\/\/punihuil.cl\/web\/wp-content\/uploads\/2017\/04\/image-1-2.jpg\u00bb show_in_lightbox=\u00bbon\u00bb url_new_window=\u00bboff\u00bb use_overlay=\u00bbon\u00bb animation=\u00bboff\u00bb sticky=\u00bboff\u00bb align=\u00bbleft\u00bb force_fullwidth=\u00bboff\u00bb always_center_on_mobile=\u00bbon\u00bb use_border_color=\u00bboff\u00bb border_color=\u00bb#ffffff\u00bb border_style=\u00bbsolid\u00bb]<\/p>\n<p>[\/et_pb_image][et_pb_image admin_label=\u00bbImagen\u00bb src=\u00bbhttp:\/\/punihuil.cl\/web\/wp-content\/uploads\/2017\/04\/image-3.jpg\u00bb show_in_lightbox=\u00bbon\u00bb url_new_window=\u00bboff\u00bb use_overlay=\u00bbon\u00bb animation=\u00bboff\u00bb sticky=\u00bboff\u00bb align=\u00bbleft\u00bb force_fullwidth=\u00bboff\u00bb always_center_on_mobile=\u00bbon\u00bb use_border_color=\u00bboff\u00bb border_color=\u00bb#ffffff\u00bb border_style=\u00bbsolid\u00bb]<\/p>\n<p>[\/et_pb_image][\/et_pb_column][\/et_pb_section][et_pb_section admin_label=\u00bbSecci\u00f3n\u00bb fullwidth=\u00bboff\u00bb specialty=\u00bboff\u00bb][et_pb_row admin_label=\u00bbFila\u00bb make_fullwidth=\u00bbon\u00bb use_custom_width=\u00bboff\u00bb width_unit=\u00bbon\u00bb use_custom_gutter=\u00bboff\u00bb padding_mobile=\u00bboff\u00bb allow_player_pause=\u00bboff\u00bb parallax=\u00bboff\u00bb parallax_method=\u00bboff\u00bb make_equal=\u00bboff\u00bb parallax_1=\u00bboff\u00bb parallax_method_1=\u00bboff\u00bb parallax_2=\u00bboff\u00bb parallax_method_2=\u00bboff\u00bb parallax_3=\u00bboff\u00bb parallax_method_3=\u00bboff\u00bb column_padding_mobile=\u00bbon\u00bb][et_pb_column type=\u00bb1_2&#8243;][et_pb_text admin_label=\u00bbTexto\u00bb background_layout=\u00bblight\u00bb text_orientation=\u00bbjustified\u00bb use_border_color=\u00bboff\u00bb border_color=\u00bb#ffffff\u00bb border_style=\u00bbsolid\u00bb]<\/p>\n<div>\n<div style=\"float:left;\">\n<a href=\"http:\/\/punihuil.cl\"><img src=\"http:\/\/punihuil.cl\/web\/wp-content\/uploads\/2017\/04\/katjaLogo.png\" width=\"160\" style=\"margin: 0px 20px\"><\/a>\n<\/div>\n<div style=\"float:left;\">\nTurismo y Gastronom\u00eca Bah\u00eca Pu\u00f1ihuil<br \/>\npunihuil@gmail.com<br \/>\ntel: +56-9- 6556780<br \/>\nPu\u00f1ihuil rural s\/n\n<\/div>\n<\/div>\n<p>[\/et_pb_text][\/et_pb_column][et_pb_column type=\u00bb1_2&#8243;][et_pb_text admin_label=\u00bbTexto\u00bb background_layout=\u00bblight\u00bb text_orientation=\u00bbleft\u00bb use_border_color=\u00bboff\u00bb border_color=\u00bb#ffffff\u00bb border_style=\u00bbsolid\u00bb]<\/p>\n<div>\n<div style=\"float:right;\">\n<a href=\"https:\/\/www.tripadvisor.cl\/Restaurant_Review-g317803-d2459270-Reviews-Restaurant_Bahia_Punihuil-Ancud_Isla_Chiloe_Los_Lagos_Region.html\" target=\"_blank\"><img src=\"http:\/\/punihuil.cl\/web\/wp-content\/uploads\/2017\/05\/tripadvisor.png\" style=\"margin: 0px 20px\" width=\"75\"><\/a>\n<\/div>\n<div style=\"float:right;\">\n<a href=\"https:\/\/www.facebook.com\/bahiapunihuil\/\" target=\"_blank\"><img src=\"http:\/\/punihuil.cl\/web\/wp-content\/uploads\/2017\/04\/f_logo.png\" width=\"44\"><\/a>\n<\/div>\n<\/div>\n<p>[\/et_pb_text][\/et_pb_column][\/et_pb_row][\/et_pb_section]<\/p>\n","protected":false},"excerpt":{"rendered":"<p>[et_pb_section admin_label=\u00bbSecci\u00f3n\u00bb fullwidth=\u00bboff\u00bb specialty=\u00bboff\u00bb][et_pb_row admin_label=\u00bbFila\u00bb make_fullwidth=\u00bboff\u00bb use_custom_width=\u00bboff\u00bb width_unit=\u00bbon\u00bb use_custom_gutter=\u00bboff\u00bb padding_mobile=\u00bboff\u00bb allow_player_pause=\u00bboff\u00bb parallax=\u00bboff\u00bb parallax_method=\u00bboff\u00bb make_equal=\u00bboff\u00bb parallax_1=\u00bboff\u00bb parallax_method_1=\u00bboff\u00bb column_padding_mobile=\u00bbon\u00bb][et_pb_column type=\u00bb4_4&#8243;][et_pb_post_title admin_label=\u00bbT\u00edtulo de publicaci\u00f3n\u00bb title=\u00bbon\u00bb meta=\u00bboff\u00bb author=\u00bbon\u00bb date=\u00bbon\u00bb categories=\u00bbon\u00bb comments=\u00bbon\u00bb featured_image=\u00bboff\u00bb featured_placement=\u00bbbelow\u00bb parallax_effect=\u00bbon\u00bb parallax_method=\u00bbon\u00bb text_orientation=\u00bbcenter\u00bb text_color=\u00bbdark\u00bb text_background=\u00bboff\u00bb text_bg_color=\u00bbrgba(255,255,255,0.9)\u00bb module_bg_color=\u00bbrgba(255,255,255,0)\u00bb title_all_caps=\u00bboff\u00bb use_border_color=\u00bboff\u00bb border_color=\u00bb#ffffff\u00bb border_style=\u00bbsolid\u00bb] [\/et_pb_post_title][\/et_pb_column][\/et_pb_row][\/et_pb_section][et_pb_section admin_label=\u00bbSecci\u00f3n\u00bb fullwidth=\u00bboff\u00bb specialty=\u00bbon\u00bb transparent_background=\u00bboff\u00bb background_color=\u00bb#93c572&#8243; allow_player_pause=\u00bboff\u00bb inner_shadow=\u00bboff\u00bb parallax=\u00bboff\u00bb parallax_method=\u00bboff\u00bb padding_mobile=\u00bboff\u00bb make_fullwidth=\u00bboff\u00bb use_custom_width=\u00bboff\u00bb width_unit=\u00bbon\u00bb make_equal=\u00bboff\u00bb [&hellip;]<\/p>\n","protected":false},"author":1,"featured_media":0,"parent":0,"menu_order":0,"comment_status":"closed","ping_status":"closed","template":"","meta":{"_et_pb_use_builder":"on","_et_pb_old_content":"","_et_gb_content_width":""},"yoast_head":"<!-- This site is optimized with the Yoast SEO plugin v17.7.1 - https:\/\/yoast.com\/wordpress\/plugins\/seo\/ -->\n<title>Restaurant - Restaurant Bah\u00eda Pu\u00f1ihuil<\/title>\n<meta name=\"robots\" content=\"index, follow, max-snippet:-1, max-image-preview:large, max-video-preview:-1\" \/>\n<link rel=\"canonical\" href=\"https:\/\/punihuil.cl\/web\/index.php\/restaurant\/\" \/>\n<meta property=\"og:locale\" content=\"es_ES\" \/>\n<meta property=\"og:type\" content=\"article\" \/>\n<meta property=\"og:title\" content=\"Restaurant - Restaurant Bah\u00eda Pu\u00f1ihuil\" \/>\n<meta property=\"og:description\" content=\"[et_pb_section admin_label=\u00bbSecci\u00f3n\u00bb fullwidth=\u00bboff\u00bb specialty=\u00bboff\u00bb][et_pb_row admin_label=\u00bbFila\u00bb make_fullwidth=\u00bboff\u00bb use_custom_width=\u00bboff\u00bb width_unit=\u00bbon\u00bb use_custom_gutter=\u00bboff\u00bb padding_mobile=\u00bboff\u00bb allow_player_pause=\u00bboff\u00bb parallax=\u00bboff\u00bb parallax_method=\u00bboff\u00bb make_equal=\u00bboff\u00bb parallax_1=\u00bboff\u00bb parallax_method_1=\u00bboff\u00bb column_padding_mobile=\u00bbon\u00bb][et_pb_column type=\u00bb4_4&#8243;][et_pb_post_title admin_label=\u00bbT\u00edtulo de publicaci\u00f3n\u00bb title=\u00bbon\u00bb meta=\u00bboff\u00bb author=\u00bbon\u00bb date=\u00bbon\u00bb categories=\u00bbon\u00bb comments=\u00bbon\u00bb featured_image=\u00bboff\u00bb featured_placement=\u00bbbelow\u00bb parallax_effect=\u00bbon\u00bb parallax_method=\u00bbon\u00bb text_orientation=\u00bbcenter\u00bb text_color=\u00bbdark\u00bb text_background=\u00bboff\u00bb text_bg_color=\u00bbrgba(255,255,255,0.9)\u00bb module_bg_color=\u00bbrgba(255,255,255,0)\u00bb title_all_caps=\u00bboff\u00bb use_border_color=\u00bboff\u00bb border_color=\u00bb#ffffff\u00bb border_style=\u00bbsolid\u00bb] [\/et_pb_post_title][\/et_pb_column][\/et_pb_row][\/et_pb_section][et_pb_section admin_label=\u00bbSecci\u00f3n\u00bb fullwidth=\u00bboff\u00bb specialty=\u00bbon\u00bb transparent_background=\u00bboff\u00bb background_color=\u00bb#93c572&#8243; allow_player_pause=\u00bboff\u00bb inner_shadow=\u00bboff\u00bb parallax=\u00bboff\u00bb parallax_method=\u00bboff\u00bb padding_mobile=\u00bboff\u00bb make_fullwidth=\u00bboff\u00bb use_custom_width=\u00bboff\u00bb width_unit=\u00bbon\u00bb make_equal=\u00bboff\u00bb [&hellip;]\" \/>\n<meta property=\"og:url\" content=\"https:\/\/punihuil.cl\/web\/index.php\/restaurant\/\" \/>\n<meta property=\"og:site_name\" content=\"Restaurant Bah\u00eda Pu\u00f1ihuil\" \/>\n<meta property=\"article:publisher\" content=\"https:\/\/www.facebook.com\/bahiapunihuil\/\" \/>\n<meta property=\"article:modified_time\" content=\"2018-04-06T22:37:34+00:00\" \/>\n<meta property=\"og:image\" content=\"http:\/\/punihuil.cl\/web\/wp-content\/uploads\/2017\/04\/katjaLogo.png\" \/>\n<meta name=\"twitter:card\" content=\"summary_large_image\" \/>\n<meta name=\"twitter:label1\" content=\"Tiempo de lectura\" \/>\n\t<meta name=\"twitter:data1\" content=\"3 minutos\" \/>\n<script type=\"application\/ld+json\" class=\"yoast-schema-graph\">{\"@context\":\"https:\/\/schema.org\",\"@graph\":[{\"@type\":\"WebSite\",\"@id\":\"https:\/\/punihuil.cl\/web\/#website\",\"url\":\"https:\/\/punihuil.cl\/web\/\",\"name\":\"Restaurant Bah\\u00eda Pu\\u00f1ihuil\",\"description\":\"\",\"potentialAction\":[{\"@type\":\"SearchAction\",\"target\":{\"@type\":\"EntryPoint\",\"urlTemplate\":\"https:\/\/punihuil.cl\/web\/?s={search_term_string}\"},\"query-input\":\"required name=search_term_string\"}],\"inLanguage\":\"es\"},{\"@type\":\"ImageObject\",\"@id\":\"https:\/\/punihuil.cl\/web\/index.php\/restaurant\/#primaryimage\",\"inLanguage\":\"es\",\"url\":\"http:\/\/punihuil.cl\/web\/wp-content\/uploads\/2017\/04\/katjaLogo.png\",\"contentUrl\":\"http:\/\/punihuil.cl\/web\/wp-content\/uploads\/2017\/04\/katjaLogo.png\"},{\"@type\":\"WebPage\",\"@id\":\"https:\/\/punihuil.cl\/web\/index.php\/restaurant\/#webpage\",\"url\":\"https:\/\/punihuil.cl\/web\/index.php\/restaurant\/\",\"name\":\"Restaurant - Restaurant Bah\\u00eda Pu\\u00f1ihuil\",\"isPartOf\":{\"@id\":\"https:\/\/punihuil.cl\/web\/#website\"},\"primaryImageOfPage\":{\"@id\":\"https:\/\/punihuil.cl\/web\/index.php\/restaurant\/#primaryimage\"},\"datePublished\":\"2017-04-24T18:50:55+00:00\",\"dateModified\":\"2018-04-06T22:37:34+00:00\",\"breadcrumb\":{\"@id\":\"https:\/\/punihuil.cl\/web\/index.php\/restaurant\/#breadcrumb\"},\"inLanguage\":\"es\",\"potentialAction\":[{\"@type\":\"ReadAction\",\"target\":[\"https:\/\/punihuil.cl\/web\/index.php\/restaurant\/\"]}]},{\"@type\":\"BreadcrumbList\",\"@id\":\"https:\/\/punihuil.cl\/web\/index.php\/restaurant\/#breadcrumb\",\"itemListElement\":[{\"@type\":\"ListItem\",\"position\":1,\"name\":\"Portada\",\"item\":\"https:\/\/punihuil.cl\/web\/\"},{\"@type\":\"ListItem\",\"position\":2,\"name\":\"Restaurant\"}]}]}<\/script>\n<!-- \/ Yoast SEO plugin. -->","yoast_head_json":{"title":"Restaurant - Restaurant Bah\u00eda Pu\u00f1ihuil","robots":{"index":"index","follow":"follow","max-snippet":"max-snippet:-1","max-image-preview":"max-image-preview:large","max-video-preview":"max-video-preview:-1"},"canonical":"https:\/\/punihuil.cl\/web\/index.php\/restaurant\/","og_locale":"es_ES","og_type":"article","og_title":"Restaurant - Restaurant Bah\u00eda Pu\u00f1ihuil","og_description":"[et_pb_section admin_label=\u00bbSecci\u00f3n\u00bb fullwidth=\u00bboff\u00bb specialty=\u00bboff\u00bb][et_pb_row admin_label=\u00bbFila\u00bb make_fullwidth=\u00bboff\u00bb use_custom_width=\u00bboff\u00bb width_unit=\u00bbon\u00bb use_custom_gutter=\u00bboff\u00bb padding_mobile=\u00bboff\u00bb allow_player_pause=\u00bboff\u00bb parallax=\u00bboff\u00bb parallax_method=\u00bboff\u00bb make_equal=\u00bboff\u00bb parallax_1=\u00bboff\u00bb parallax_method_1=\u00bboff\u00bb column_padding_mobile=\u00bbon\u00bb][et_pb_column type=\u00bb4_4&#8243;][et_pb_post_title admin_label=\u00bbT\u00edtulo de publicaci\u00f3n\u00bb title=\u00bbon\u00bb meta=\u00bboff\u00bb author=\u00bbon\u00bb date=\u00bbon\u00bb categories=\u00bbon\u00bb comments=\u00bbon\u00bb featured_image=\u00bboff\u00bb featured_placement=\u00bbbelow\u00bb parallax_effect=\u00bbon\u00bb parallax_method=\u00bbon\u00bb text_orientation=\u00bbcenter\u00bb text_color=\u00bbdark\u00bb text_background=\u00bboff\u00bb text_bg_color=\u00bbrgba(255,255,255,0.9)\u00bb module_bg_color=\u00bbrgba(255,255,255,0)\u00bb title_all_caps=\u00bboff\u00bb use_border_color=\u00bboff\u00bb border_color=\u00bb#ffffff\u00bb border_style=\u00bbsolid\u00bb] [\/et_pb_post_title][\/et_pb_column][\/et_pb_row][\/et_pb_section][et_pb_section admin_label=\u00bbSecci\u00f3n\u00bb fullwidth=\u00bboff\u00bb specialty=\u00bbon\u00bb transparent_background=\u00bboff\u00bb background_color=\u00bb#93c572&#8243; allow_player_pause=\u00bboff\u00bb inner_shadow=\u00bboff\u00bb parallax=\u00bboff\u00bb parallax_method=\u00bboff\u00bb padding_mobile=\u00bboff\u00bb make_fullwidth=\u00bboff\u00bb use_custom_width=\u00bboff\u00bb width_unit=\u00bbon\u00bb make_equal=\u00bboff\u00bb [&hellip;]","og_url":"https:\/\/punihuil.cl\/web\/index.php\/restaurant\/","og_site_name":"Restaurant Bah\u00eda Pu\u00f1ihuil","article_publisher":"https:\/\/www.facebook.com\/bahiapunihuil\/","article_modified_time":"2018-04-06T22:37:34+00:00","og_image":[{"url":"http:\/\/punihuil.cl\/web\/wp-content\/uploads\/2017\/04\/katjaLogo.png"}],"twitter_card":"summary_large_image","twitter_misc":{"Tiempo de lectura":"3 minutos"},"schema":{"@context":"https:\/\/schema.org","@graph":[{"@type":"WebSite","@id":"https:\/\/punihuil.cl\/web\/#website","url":"https:\/\/punihuil.cl\/web\/","name":"Restaurant Bah\u00eda Pu\u00f1ihuil","description":"","potentialAction":[{"@type":"SearchAction","target":{"@type":"EntryPoint","urlTemplate":"https:\/\/punihuil.cl\/web\/?s={search_term_string}"},"query-input":"required name=search_term_string"}],"inLanguage":"es"},{"@type":"ImageObject","@id":"https:\/\/punihuil.cl\/web\/index.php\/restaurant\/#primaryimage","inLanguage":"es","url":"http:\/\/punihuil.cl\/web\/wp-content\/uploads\/2017\/04\/katjaLogo.png","contentUrl":"http:\/\/punihuil.cl\/web\/wp-content\/uploads\/2017\/04\/katjaLogo.png"},{"@type":"WebPage","@id":"https:\/\/punihuil.cl\/web\/index.php\/restaurant\/#webpage","url":"https:\/\/punihuil.cl\/web\/index.php\/restaurant\/","name":"Restaurant - Restaurant Bah\u00eda Pu\u00f1ihuil","isPartOf":{"@id":"https:\/\/punihuil.cl\/web\/#website"},"primaryImageOfPage":{"@id":"https:\/\/punihuil.cl\/web\/index.php\/restaurant\/#primaryimage"},"datePublished":"2017-04-24T18:50:55+00:00","dateModified":"2018-04-06T22:37:34+00:00","breadcrumb":{"@id":"https:\/\/punihuil.cl\/web\/index.php\/restaurant\/#breadcrumb"},"inLanguage":"es","potentialAction":[{"@type":"ReadAction","target":["https:\/\/punihuil.cl\/web\/index.php\/restaurant\/"]}]},{"@type":"BreadcrumbList","@id":"https:\/\/punihuil.cl\/web\/index.php\/restaurant\/#breadcrumb","itemListElement":[{"@type":"ListItem","position":1,"name":"Portada","item":"https:\/\/punihuil.cl\/web\/"},{"@type":"ListItem","position":2,"name":"Restaurant"}]}]}},"_links":{"self":[{"href":"https:\/\/punihuil.cl\/web\/index.php\/wp-json\/wp\/v2\/pages\/81"}],"collection":[{"href":"https:\/\/punihuil.cl\/web\/index.php\/wp-json\/wp\/v2\/pages"}],"about":[{"href":"https:\/\/punihuil.cl\/web\/index.php\/wp-json\/wp\/v2\/types\/page"}],"author":[{"embeddable":true,"href":"https:\/\/punihuil.cl\/web\/index.php\/wp-json\/wp\/v2\/users\/1"}],"replies":[{"embeddable":true,"href":"https:\/\/punihuil.cl\/web\/index.php\/wp-json\/wp\/v2\/comments?post=81"}],"version-history":[{"count":40,"href":"https:\/\/punihuil.cl\/web\/index.php\/wp-json\/wp\/v2\/pages\/81\/revisions"}],"predecessor-version":[{"id":338,"href":"https:\/\/punihuil.cl\/web\/index.php\/wp-json\/wp\/v2\/pages\/81\/revisions\/338"}],"wp:attachment":[{"href":"https:\/\/punihuil.cl\/web\/index.php\/wp-json\/wp\/v2\/media?parent=81"}],"curies":[{"name":"wp","href":"https:\/\/api.w.org\/{rel}","templated":true}]}}